{"id":78,"date":"2019-09-16T00:53:50","date_gmt":"2019-09-16T00:53:50","guid":{"rendered":"https:\/\/leokhordocdavis.com\/?page_id=78"},"modified":"2025-10-24T18:55:33","modified_gmt":"2025-10-24T18:55:33","slug":"artist-statement","status":"publish","type":"page","link":"https:\/\/leokhordocdavis.com\/fr\/artist-statement\/","title":{"rendered":"D\u00e9marche artistique"},"content":{"rendered":"<p class=\"has-shark-color has-text-color\">L\u2019art est ma passion depuis plusieurs ann\u00e9es. Elle s\u2019est concr\u00e9tis\u00e9e quand j\u2019ai pass\u00e9 une ann\u00e9e en France \u00e0 l\u2019\u00e2ge de douze ans. Pendant ce s\u00e9jour, j\u2019ai d\u00e9couvert l\u2019art moderne et j\u2019ai commenc\u00e9 \u00e0 peindre. Je n\u2019ai pas arr\u00eat\u00e9 depuis.<\/p>\n\n\n\n<p class=\"has-shark-color has-text-color\">Je peins surtout des paysages et des sc\u00e8nes urbaines. Les m\u00e9diums que je privil\u00e9gie pour cr\u00e9er sont l\u2019aquarelle et la peinture \u00e0 l\u2019huile. Je mets en valeur la puissance de la couleur et, et j\u2019\u00e9vite d\u2019utiliser de la peinture noire, comme l\u2019ont fait les impressionnistes. \u00c0 part la couleur, j\u2019explore aussi des \u00e9l\u00e9ments tels que la ligne, la forme et la texture. Je suis inspir\u00e9 par des artistes tels que Wassily Kandinsky et Ren\u00e9 Magritte, entre autres.<\/p>\n\n\n\n<p class=\"has-shark-color has-text-color\">De surcro\u00eet, un th\u00e8me central \u00e0 ma pratique est celui du temps. Le temps se retrouve dans mon \u0153uvre notamment dans le contexte cyclique. Je vise la r\u00e9alisation d\u2019\u0153uvres qui encadrent les effets qui sont suscit\u00e9s par des jeux de lumi\u00e8re solaire au courant de la journ\u00e9e et \u00e0 travers les saisons, tels que l\u2019emplacement et la teinte de la lumi\u00e8re et des ombres. Le temps peut ainsi s\u2019annoncer dans mon travail en faisant \u00e9cho \u00e0 l\u2019histoire et \u00e0 la philosophie. <br><\/p>\n\n\n\n<p class=\"has-shark-color has-text-color\">En accentuant la lumi\u00e8re dans mes compositions, je repr\u00e9sente l\u2019image d\u2019une mani\u00e8re qui refl\u00e8te ma vision. Les transitions de lumi\u00e8re constantes suscitent une sensation spirituelle \u00e0 l\u2019int\u00e9rieur de moi. J\u2019essaye de donner envie \u00e0 l'\u0153il de se promener autour de l'\u0153uvre et d\u2019\u00e9voquer des \u00e9motions fortes.<\/p>\n\n\n\n<p class=\"has-shark-color has-text-color\">Je fais de longues promenades pendant lesquelles je prends de nombreuses photos, qui jouent un r\u00f4le important dans ma cr\u00e9ation. Je planifie mes compositions afin de cr\u00e9er du contraste et de l\u2019\u00e9quilibre. Dans mon processus de cr\u00e9ation, je dessine des esquisses pr\u00e9cises pour placer les \u00e9l\u00e9ments dans ma composition. En cr\u00e9ant, je ne suis pas fid\u00e8le \u00e0 mes r\u00e9f\u00e9rences parce que je crois que l\u2019observation et l\u2019imagination doivent cohabiter dans le cadre du processus.&nbsp;<\/p>\n\n\n\n<p class=\"has-shark-color has-text-color\">En tant qu\u2019artiste figuratif, je tente de trouver un \u00e9quilibre entre la forme et le contenu dans mon travail. La forme se consacre \u00e0 fournir une exp\u00e9rience esth\u00e9tique au public alors que le contenu lui transmet dans indices sur l\u2019histoire derri\u00e8re l\u2019\u0153uvre. La qualit\u00e9 esth\u00e9tique est un principe fondateur de ma pratique artistique.<\/p>\n\n\n\n<p class=\"\"><\/p>","protected":false},"excerpt":{"rendered":"<p>Art has been my passion for many years. It became more concrete when I had [&hellip;]<\/p>\n","protected":false},"author":2,"featured_media":0,"parent":0,"menu_order":0,"comment_status":"closed","ping_status":"closed","template":"","meta":{"nf_dc_page":"","jetpack_post_was_ever_published":false,"footnotes":""},"class_list":["post-78","page","type-page","status-publish","hentry"],"jetpack_sharing_enabled":true,"jetpack_shortlink":"https:\/\/wp.me\/PbbwZ5-1g","_links":{"self":[{"href":"https:\/\/leokhordocdavis.com\/fr\/wp-json\/wp\/v2\/pages\/78","targetHints":{"allow":["GET"]}}],"collection":[{"href":"https:\/\/leokhordocdavis.com\/fr\/wp-json\/wp\/v2\/pages"}],"about":[{"href":"https:\/\/leokhordocdavis.com\/fr\/wp-json\/wp\/v2\/types\/page"}],"author":[{"embeddable":true,"href":"https:\/\/leokhordocdavis.com\/fr\/wp-json\/wp\/v2\/users\/2"}],"replies":[{"embeddable":true,"href":"https:\/\/leokhordocdavis.com\/fr\/wp-json\/wp\/v2\/comments?post=78"}],"version-history":[{"count":5,"href":"https:\/\/leokhordocdavis.com\/fr\/wp-json\/wp\/v2\/pages\/78\/revisions"}],"predecessor-version":[{"id":3116,"href":"https:\/\/leokhordocdavis.com\/fr\/wp-json\/wp\/v2\/pages\/78\/revisions\/3116"}],"wp:attachment":[{"href":"https:\/\/leokhordocdavis.com\/fr\/wp-json\/wp\/v2\/media?parent=78"}],"curies":[{"name":"wp","href":"https:\/\/api.w.org\/{rel}","templated":true}]}}