{"id":76,"date":"2019-09-16T00:53:44","date_gmt":"2019-09-16T00:53:44","guid":{"rendered":"https:\/\/leokhordocdavis.com\/?page_id=76"},"modified":"2025-08-05T12:14:26","modified_gmt":"2025-08-05T12:14:26","slug":"art-shows","status":"publish","type":"page","link":"https:\/\/leokhordocdavis.com\/fr\/art-shows\/","title":{"rendered":"Expositions et \u00e9v\u00e9nements"},"content":{"rendered":"<p class=\"\"><\/p>\n\n\n\n<ul class=\"wp-block-list\">\n<li class=\"\">Galerie Capital Art Fair, 71 rue Sparks, Ottawa (en cours), (ao\u00fbt 2025 - pr\u00e9sent) <a href=\"https:\/\/www.shopcapitalart.com\">https:\/\/www.shopcapitalart.com<\/a> \/ <a href=\"https:\/\/www.instagram.com\/capitalartfair?igsh=MXE3NGZ4bHFodTljZw==\">https:\/\/www.instagram.com\/capitalartfair?igsh=MXE3NGZ4bHFodTljZw==<\/a><br>The Art House Caf\u00e9, 555 rue Somerset Ouest \u00e0 Centretown, Ottawa (en cours), (novembre 2020 \u00e0 pr\u00e9sent) <a href=\"https:\/\/thearthousecafe.ca\/\" data-type=\"URL\" data-id=\"https:\/\/thearthousecafe.ca\/\">https:\/\/thearthousecafe.ca\/<\/a> \/ <a href=\"https:\/\/instagram.com\/arthousecafe613?igshid=1ipvpxqj1myu7\" data-type=\"URL\" data-id=\"https:\/\/instagram.com\/arthousecafe613?igshid=1ipvpxqj1myu7\">https:\/\/instagram.com\/arthousecafe613?igshid=1ipvpxqj1myu7<\/a><\/li>\n\n\n\n<li class=\"\">Art in the Park (avec jury), Parc Central, Ottawa (juin 2025)<\/li>\n\n\n\n<li class=\"\">Boutique de l\u2019\u00c9cole d\u2019art d\u2019Ottawa, 35 rue George au March\u00e9 By, Ottawa (f\u00e9vrier \u00e0 d\u00e9cembre 2024) <a href=\"https:\/\/artottawa.ca\/\" data-type=\"link\" data-id=\"https:\/\/artottawa.ca\/\">https:\/\/artottawa.ca\/<\/a> \/ <a href=\"https:\/\/www.instagram.com\/artottawa?igsh=NjBlZnEyMjI3b2J0\" data-type=\"link\" data-id=\"https:\/\/www.instagram.com\/artottawa?igsh=NjBlZnEyMjI3b2J0\">https:\/\/www.instagram.com\/artottawa?igsh=NjBlZnEyMjI3b2J0<\/a><\/li>\n\n\n\n<li class=\"\">New Art Festival (avec jury), Parc Central, Ottawa (juin 2024)<\/li>\n\n\n\n<li class=\"\">New Art Festival (avec jury), Parc Central, Ottawa (juin 2023)<\/li>\n\n\n\n<li class=\"\">New Art Festival (avec jury), Parc Central, Ottawa (juin 2022)<\/li>\n\n\n\n<li class=\"\">Gala de fin d\u2019ann\u00e9e du CEAO, \u00c9cole Secondaire De La Salle, Ottawa (mai 2022); R\u00e9cipiendaire de la 2\u00e8me place du Prix d\u2019excellence (1\u00e8re place dans la Concentration Arts Visuels et M\u00e9diatiques)<\/li>\n\n\n\n<li class=\"\">Artistes en herbe, exposition de la Ville d\u2019Ottawa (avec jury), Centre Shenkman, Orl\u00e9ans, Ottawa (avril \u00e0 mai 2022); Laur\u00e9at du prix s\u00e9nior en peinture<\/li>\n\n\n\n<li class=\"\">Galerie Jean-Claude Bergeron, rue St Patrick au March\u00e9 By, Ottawa (mars 2022) <a href=\"https:\/\/www.galeriejeanclaudebergeron.ca\/expositions\/\" data-type=\"URL\" data-id=\"https:\/\/www.galeriejeanclaudebergeron.ca\/expositions\/\">https:\/\/www.galeriejeanclaudebergeron.ca\/expositions\/<\/a><\/li>\n\n\n\n<li class=\"\">Galerie ARTprior, Rue Elgin Ouest, Arnprior, Ontario (juillet 2021 \u00e0 avril 2022) <a href=\"https:\/\/artpriorgallery.com\/\" data-type=\"URL\" data-id=\"https:\/\/artpriorgallery.com\/\">https:\/\/artpriorgallery.com\/<\/a><\/li>\n\n\n\n<li class=\"\">Artistes en herbe, exposition de la Ville d\u2019Ottawa (avec jury), en virtuel (mai 2020); Laur\u00e9at du prix municipal en peinture<\/li>\n\n\n\n<li class=\"\">Collabo Caf\u00e9, Troisi\u00e8me Avenue dans le Glebe, Ottawa (novembre 2019 \u00e0 mars 2020) <a href=\"https:\/\/www.instagram.com\/collabocafe\/\" data-type=\"URL\" data-id=\"https:\/\/www.instagram.com\/collabocafe\/\">https:\/\/www.instagram.com\/collabocafe\/<\/a><\/li>\n\n\n\n<li class=\"\">Glebe Fine Arts Show (b\u00e9n\u00e9vole), Ottawa (septembre 2019)<\/li>\n\n\n\n<li class=\"\">Art on the Farm, Ferme Exp\u00e9rimentale, Ottawa (ao\u00fbt 2019)<\/li>\n\n\n\n<li class=\"\">New Art Festival (avec jury), Parc Central, Ottawa (juin 2019)<\/li>\n\n\n\n<li class=\"\">Artistes en herbe, exposition de la Ville d\u2019Ottawa (avec jury), Centre Shenkman, Orl\u00e9ans, Ottawa (avril 2019)<\/li>\n\n\n\n<li class=\"\">\u00c9cole Secondaire De La Salle (exposition en solo), Ottawa (avril 2019)<\/li>\n\n\n\n<li class=\"\">Conf\u00e9rence de philosophie, Universit\u00e9 Carleton (artiste invit\u00e9), Ottawa (mars 2019)<\/li>\n<\/ul>","protected":false},"excerpt":{"rendered":"","protected":false},"author":2,"featured_media":0,"parent":0,"menu_order":0,"comment_status":"closed","ping_status":"closed","template":"","meta":{"nf_dc_page":"","jetpack_post_was_ever_published":false,"footnotes":""},"class_list":["post-76","page","type-page","status-publish","hentry"],"jetpack_sharing_enabled":true,"jetpack_shortlink":"https:\/\/wp.me\/PbbwZ5-1e","_links":{"self":[{"href":"https:\/\/leokhordocdavis.com\/fr\/wp-json\/wp\/v2\/pages\/76","targetHints":{"allow":["GET"]}}],"collection":[{"href":"https:\/\/leokhordocdavis.com\/fr\/wp-json\/wp\/v2\/pages"}],"about":[{"href":"https:\/\/leokhordocdavis.com\/fr\/wp-json\/wp\/v2\/types\/page"}],"author":[{"embeddable":true,"href":"https:\/\/leokhordocdavis.com\/fr\/wp-json\/wp\/v2\/users\/2"}],"replies":[{"embeddable":true,"href":"https:\/\/leokhordocdavis.com\/fr\/wp-json\/wp\/v2\/comments?post=76"}],"version-history":[{"count":4,"href":"https:\/\/leokhordocdavis.com\/fr\/wp-json\/wp\/v2\/pages\/76\/revisions"}],"predecessor-version":[{"id":2808,"href":"https:\/\/leokhordocdavis.com\/fr\/wp-json\/wp\/v2\/pages\/76\/revisions\/2808"}],"wp:attachment":[{"href":"https:\/\/leokhordocdavis.com\/fr\/wp-json\/wp\/v2\/media?parent=76"}],"curies":[{"name":"wp","href":"https:\/\/api.w.org\/{rel}","templated":true}]}}