{"id":73,"date":"2019-09-16T00:53:36","date_gmt":"2019-09-16T00:53:36","guid":{"rendered":"https:\/\/leokhordocdavis.com\/?page_id=73"},"modified":"2023-11-24T22:01:18","modified_gmt":"2023-11-24T22:01:18","slug":"about-me","status":"publish","type":"page","link":"https:\/\/leokhordocdavis.com\/fr\/about-me\/","title":{"rendered":"\u00c0 propos de l\u2019artiste"},"content":{"rendered":"<p class=\"has-shark-color has-text-color\">Je suis n\u00e9 \u00e0 Ottawa, la capitale du Canada, et je suis francophone. J\u2019\u00e9tudie en arts visuels \u00e0 l\u2019Universit\u00e9 Concordia \u00e0 Montr\u00e9al, avec une sp\u00e9cialisation en peinture et dessin. J\u2019ai fr\u00e9quent\u00e9 le Centre d\u2019Excellence Artistique de l\u2019Ontario \u00e0 l\u2019\u00c9cole Secondaire De La Salle, dans la Concentration Arts visuels et m\u00e9diatiques. Dans ce programme, les enseignants \u00e9taient tr\u00e8s encourageants et sont devenus des mentors pour moi. Un de mes enseignants a investi le temps pour organiser ma premi\u00e8re exposition en solo et une soir\u00e9e pour un vernissage qui a eu lieu \u00e0 mon \u00e9cole en avril 2019. J\u2019ai aussi suivi plusieurs cours d\u2019art \u00e0 l\u2019\u00c9cole d\u2019art d\u2019Ottawa.<\/p>\n\n\n\n<p class=\"has-shark-color has-text-color\">\u00c0 chaque ann\u00e9e de mon \u00e9ducation secondaire, j\u2019ai particip\u00e9 \u00e0 un concours pour les jeunes artistes qui s\u2019appelle \u00ab Artistes en herbe \u00bb. J\u2019ai \u00e9t\u00e9 s\u00e9lectionn\u00e9 \u00e0 trois reprises, en 2019, en 2020 et en 2022. En 2020 et en 2022, j\u2019ai obtenu un prix dans la cat\u00e9gorie peinture. De surcro\u00eet, j'ai expos\u00e9 et vendu des \u0153uvres \u00e0 deux festivals \u00e0 l\u2019ext\u00e9rieur, le New Art Festival et Art on the Farm. Entre juillet 2021 et avril 2022, mon art \u00e9tait expos\u00e9 \u00e0 la Galerie ARTprior \u00e0 Arnprior, en Ontario. Actuellement, il est expos\u00e9 au Art House Caf\u00e9 dans le quartier Centretown d\u2019Ottawa, o\u00f9 mon travail figure depuis l\u2019automne de 2020. Vers la fin de mon dipl\u00f4me du secondaire, les \u00e9l\u00e8ves finissants du Centre d\u2019Excellence Artistique ont \u00e9t\u00e9 invit\u00e9s \u00e0 participer \u00e0 un concours pour se m\u00e9riter le \u00ab Prix d\u2019excellence \u00bb. Trois prix sont d\u00e9cern\u00e9s chaque ann\u00e9e et j\u2019ai eu l\u2019honneur d\u2019\u00eatre le r\u00e9cipiendaire de la deuxi\u00e8me place, ce qui m\u2019a mis en premi\u00e8re place dans la Concentration Arts visuels et m\u00e9diatiques.\u00a0<\/p>\n\n\n\n<p class=\"has-shark-color has-text-color\">\u00c0 l\u2019\u00e2ge de douze ans, j\u2019ai pass\u00e9 un an en France. Pendant cette p\u00e9riode, j\u2019ai suivi des cours d\u2019art et j\u2019ai eu l\u2019occasion de visiter plusieurs mus\u00e9es et galeries. \u00c0 l\u2019\u00e9poque, je pr\u00e9f\u00e9rais le dessin, mais j\u2019ai d\u00e9velopp\u00e9 un profond int\u00e9r\u00eat pour la peinture au courant de l\u2019ann\u00e9e. La peinture est devenue mon moyen d\u2019expression principal. Toutes ces exp\u00e9riences m\u2019ont donn\u00e9 un amour pour l\u2019art et les voyages. Je pr\u00e9vois de continuer en tant qu\u2019artiste professionnel. <\/p>","protected":false},"excerpt":{"rendered":"<p>I was born and raised in Ottawa, Canada\u2019s capital city, and my first language is [&hellip;]<\/p>\n","protected":false},"author":2,"featured_media":0,"parent":0,"menu_order":0,"comment_status":"closed","ping_status":"closed","template":"","meta":{"nf_dc_page":"","jetpack_post_was_ever_published":false,"footnotes":""},"class_list":["post-73","page","type-page","status-publish","hentry"],"jetpack_sharing_enabled":true,"jetpack_shortlink":"https:\/\/wp.me\/PbbwZ5-1b","_links":{"self":[{"href":"https:\/\/leokhordocdavis.com\/fr\/wp-json\/wp\/v2\/pages\/73","targetHints":{"allow":["GET"]}}],"collection":[{"href":"https:\/\/leokhordocdavis.com\/fr\/wp-json\/wp\/v2\/pages"}],"about":[{"href":"https:\/\/leokhordocdavis.com\/fr\/wp-json\/wp\/v2\/types\/page"}],"author":[{"embeddable":true,"href":"https:\/\/leokhordocdavis.com\/fr\/wp-json\/wp\/v2\/users\/2"}],"replies":[{"embeddable":true,"href":"https:\/\/leokhordocdavis.com\/fr\/wp-json\/wp\/v2\/comments?post=73"}],"version-history":[{"count":5,"href":"https:\/\/leokhordocdavis.com\/fr\/wp-json\/wp\/v2\/pages\/73\/revisions"}],"predecessor-version":[{"id":1834,"href":"https:\/\/leokhordocdavis.com\/fr\/wp-json\/wp\/v2\/pages\/73\/revisions\/1834"}],"wp:attachment":[{"href":"https:\/\/leokhordocdavis.com\/fr\/wp-json\/wp\/v2\/media?parent=73"}],"curies":[{"name":"wp","href":"https:\/\/api.w.org\/{rel}","templated":true}]}}